{"id":1688,"date":"2021-04-01T14:16:46","date_gmt":"2021-04-01T12:16:46","guid":{"rendered":"https:\/\/chrispat-sailingteam.ch\/mitglied-werden\/"},"modified":"2021-05-04T08:31:52","modified_gmt":"2021-05-04T06:31:52","slug":"mitglied-werden","status":"publish","type":"page","link":"https:\/\/chrispat-sailingteam.ch\/de\/mitglied-werden\/","title":{"rendered":"VIP-Klub"},"content":{"rendered":"\n<div class=\"wp-block-group alignwide\"><div class=\"wp-block-group__inner-container is-layout-flow wp-block-group-is-layout-flow\">\n<p class=\"has-normal-font-size\">Wollen Sie Patrick Maurer und Christian Hiller auf ihrem Weg an die Spitze unterst\u00fctzen? Nah am Geschehen sein?  Wollen Sie regelm\u00e4ssig \u00fcber Wettk\u00e4mpfe, Trainingslager und interessante Neuigkeiten informiert werden?<\/p>\n\n\n\n<p class=\"has-normal-font-size\">Dann werden Sie Mitglied im VIP-Klub. Mit einem frei w\u00e4hlbaren Betrag ab CHF 20 pro Jahr sind Sie bereits dabei!<\/p>\n\n\n\n<p>Ihre Spende als Mitglied im VIP-Klub bringt Christian und Patrick ihrem Ziel einen Schritt n\u00e4her!<\/p>\n\n\n\n<p class=\"has-normal-font-size\">Wenn Sie eine Organisation sind, die daran interessiert ist, Partner zu werden, oder wenn Sie Fragen haben, k\u00f6nnen Sie das Formular ausf\u00fcllen und einen Kommentar hinterlassen und\/oder uns direkt unter <a href=\"mailto:info@chrispat-sailingteam.ch\">info@chrispat-sailingteam.ch<\/a> kontaktieren.<\/p>\n<\/div><\/div>\n\n\n\n<div class=\"wp-block-columns alignfull breakpoint is-layout-flex wp-container-core-columns-is-layout-9d6595d7 wp-block-columns-is-layout-flex\">\n<div class=\"wp-block-column if-small-no-left-margin column-left is-layout-flow wp-block-column-is-layout-flow\" style=\"flex-basis:50%\">\n<div class=\"wp-block-group alignwide above-form-group-left\"><div class=\"wp-block-group__inner-container is-layout-flow wp-block-group-is-layout-flow\">\n<h2 class=\"alignwide has-text-align-center title-very-small-screen wp-block-heading\">Mitglied der VIP-Klub werden<\/h2>\n\n\n\n<h3 class=\"has-text-align-center wp-block-heading\">F\u00fcllen Sie das Formular aus.<\/h3>\n\n\n\n<p class=\"has-text-align-center\">Wir werden Sie so schnell wie m\u00f6glich kontaktieren!<\/p>\n<\/div><\/div>\n\n\n<div class=\"frm_forms \" id=\"frm_form_3_container\" >\n<form enctype=\"multipart\/form-data\" method=\"post\" class=\"frm-show-form  frm_pro_form \" id=\"form_devenir-membrea8d813249f\" >\n<div class=\"frm_form_fields \">\n<fieldset>\n<legend class=\"frm_screen_reader\">Mitglied der VIP-Klub werden<\/legend>\r\n\r\n<div class=\"frm_fields_container\">\n<input type=\"hidden\" name=\"frm_action\" value=\"create\" \/>\n<input type=\"hidden\" name=\"form_id\" value=\"3\" \/>\n<input type=\"hidden\" name=\"frm_hide_fields_3\" id=\"frm_hide_fields_3\" value=\"\" \/>\n<input type=\"hidden\" name=\"form_key\" value=\"devenir-membrea8d813249f\" \/>\n<input type=\"hidden\" name=\"item_meta[0]\" value=\"\" \/>\n<input type=\"hidden\" id=\"frm_submit_entry_3\" name=\"frm_submit_entry_3\" value=\"c524e02715\" \/><input type=\"hidden\" name=\"_wp_http_referer\" value=\"\/de\/wp-json\/wp\/v2\/pages\/1688\" \/><div id=\"frm_field_42_container\" class=\"frm_form_field form-field  frm_top_container frm_full\">\r\n    <label for=\"field_qh4icyf06f9df148\" id=\"field_qh4icyf06f9df148_label\" class=\"frm_primary_label\">Firmenbezeichnung\r\n        <span class=\"frm_required\"><\/span>\r\n    <\/label>\r\n    <input  type=\"text\" id=\"field_qh4icyf06f9df148\" name=\"item_meta[42]\" value=\"\"  data-invmsg=\"Name est non valide\" aria-invalid=\"false\"   \/>\r\n    \r\n    \r\n<\/div>\n<div id=\"frm_field_43_container\" class=\"frm_form_field form-field  frm_required_field frm_top_container frm_first frm_half\">\r\n    <label for=\"field_dmqysde8e3655f5\" id=\"field_dmqysde8e3655f5_label\" class=\"frm_primary_label\">Vorname\r\n        <span class=\"frm_required\">*<\/span>\r\n    <\/label>\r\n    <input  type=\"text\" id=\"field_dmqysde8e3655f5\" name=\"item_meta[43]\" value=\"\"  data-reqmsg=\"Dieses Feld kann nicht leer sein\" aria-required=\"true\" data-invmsg=\"texte est non valide\" aria-invalid=\"false\"   \/>\r\n    \r\n    \r\n<\/div>\n<div id=\"frm_field_44_container\" class=\"frm_form_field form-field  frm_required_field frm_top_container frm_half\">\r\n    <label for=\"field_29yf4d98a2408f43\" id=\"field_29yf4d98a2408f43_label\" class=\"frm_primary_label\">Nachname\r\n        <span class=\"frm_required\">*<\/span>\r\n    <\/label>\r\n    <input  type=\"text\" id=\"field_29yf4d98a2408f43\" name=\"item_meta[44]\" value=\"\"  data-reqmsg=\"Dieses Feld kann nicht leer sein\" aria-required=\"true\" data-invmsg=\"Please enter a valid email address\" aria-invalid=\"false\"   \/>\r\n    \r\n    \r\n<\/div>\n<div id=\"frm_field_45_container\" class=\"frm_form_field form-field  frm_required_field frm_top_container frm_first frm_half\">\r\n    <label for=\"field_e6lis65a0b336454\" id=\"field_e6lis65a0b336454_label\" class=\"frm_primary_label\">Stra\u00dfe\r\n        <span class=\"frm_required\">*<\/span>\r\n    <\/label>\r\n    <input  type=\"text\" id=\"field_e6lis65a0b336454\" name=\"item_meta[45]\" value=\"\"  data-reqmsg=\"Dieses Feld kann nicht leer sein\" aria-required=\"true\" data-invmsg=\"Subject est non valide\" aria-invalid=\"false\"   \/>\r\n    \r\n    \r\n<\/div>\n<div id=\"frm_field_46_container\" class=\"frm_form_field form-field  frm_required_field frm_top_container frm_half\">\r\n    <label for=\"field_9jv0r18b7ac38f1b\" id=\"field_9jv0r18b7ac38f1b_label\" class=\"frm_primary_label\">Postzahl &#8211; Stadt\r\n        <span class=\"frm_required\">*<\/span>\r\n    <\/label>\r\n    <input  type=\"text\" id=\"field_9jv0r18b7ac38f1b\" name=\"item_meta[46]\" value=\"\"  maxlength=\"5\" placeholder=\"0000 - Meine Stadt\" data-reqmsg=\"Dieses Feld kann nicht leer sein\" aria-required=\"true\" data-invmsg=\"Message est non valide\" aria-invalid=\"false\"   \/>\r\n    \r\n    \r\n<\/div>\n<div id=\"frm_field_47_container\" class=\"frm_form_field form-field  frm_required_field frm_top_container frm_first frm_half\">\r\n    <label for=\"field_on3s83a61f21b07\" id=\"field_on3s83a61f21b07_label\" class=\"frm_primary_label\">E-mail\r\n        <span class=\"frm_required\">*<\/span>\r\n    <\/label>\r\n    <input type=\"email\" id=\"field_on3s83a61f21b07\" name=\"item_meta[47]\" value=\"\"  data-reqmsg=\"Dieses Feld kann nicht leer sein\" aria-required=\"true\" data-invmsg=\"ung\u00fcltige E-mail\" aria-invalid=\"false\"  \/>\r\n    \r\n    \r\n<\/div>\n<div id=\"frm_field_48_container\" class=\"frm_form_field form-field  frm_top_container frm_half\">\r\n    <label for=\"field_5dp5b000abe190a\" id=\"field_5dp5b000abe190a_label\" class=\"frm_primary_label\">Telefon\r\n        <span class=\"frm_required\"><\/span>\r\n    <\/label>\r\n    <input type=\"tel\" id=\"field_5dp5b000abe190a\" name=\"item_meta[48]\" value=\"\"  data-frmmask=\"9999 99 999 99 99\" placeholder=\"0041 12 345 67 89\" data-invmsg=\"ung\u00fcltige Nummer\" aria-invalid=\"false\" pattern=\"\\d\\d\\d\\d \\d\\d \\d\\d\\d \\d\\d \\d\\d$\"  \/>\r\n    \r\n    \r\n<\/div>\n<div id=\"frm_field_49_container\" class=\"frm_form_field form-field  frm_top_container frm_full\">\r\n    <label for=\"field_7q8uc4143785fb2\" id=\"field_7q8uc4143785fb2_label\" class=\"frm_primary_label\">Kommentar\r\n        <span class=\"frm_required\"><\/span>\r\n    <\/label>\r\n    <textarea name=\"item_meta[49]\" id=\"field_7q8uc4143785fb2\" rows=\"5\"  data-invmsg=\"Kommentar ist ung\u00fcltig\" aria-invalid=\"false\"  ><\/textarea>\r\n    \r\n    \r\n<\/div>\n<div id=\"frm_field_50_container\" class=\"frm_form_field form-field  frm_required_field frm_top_container frm_full horizontal_radio\">\r\n    <div  id=\"field_sawm7d5ab43ccf2_label\" class=\"frm_primary_label\">In der VIP-Mitgliederliste erscheinen\r\n        <span class=\"frm_required\">*<\/span>\r\n    <\/div>\r\n    <div class=\"frm_opt_container\" aria-labelledby=\"field_sawm7d5ab43ccf2_label\" role=\"radiogroup\" aria-required=\"true\">\t\t<div class=\"frm_radio\" id=\"frm_radio_50-0\">\t\t\t<label  for=\"field_sawm7d5ab43ccf2-0\">\n\t\t\t\t\t<input type=\"radio\" name=\"item_meta[50]\" id=\"field_sawm7d5ab43ccf2-0\" value=\"Ja\"\n\t\t   data-reqmsg=\"Dieses Feld kann nicht leer sein\" data-invmsg=\"In der VIP-Mitgliederliste erscheinen ist ung\u00fcltig\" aria-invalid=\"false\"  \/> Ja<\/label><\/div>\n\t\t<div class=\"frm_radio\" id=\"frm_radio_50-1\">\t\t\t<label  for=\"field_sawm7d5ab43ccf2-1\">\n\t\t\t\t\t<input type=\"radio\" name=\"item_meta[50]\" id=\"field_sawm7d5ab43ccf2-1\" value=\"Nein\"\n\t\t   data-reqmsg=\"Dieses Feld kann nicht leer sein\" data-invmsg=\"In der VIP-Mitgliederliste erscheinen ist ung\u00fcltig\" aria-invalid=\"false\"  \/> Nein<\/label><\/div>\n<\/div>\r\n    \r\n    \r\n<\/div>\n<div id=\"frm_field_51_container\" class=\"frm_form_field  frm12 frm_html_container form-field\">\n<p><strong>Jahresbeitrag: 20 CHF<\/strong><\/p>\n<\/div>\n<div id=\"frm_field_52_container\" class=\"frm_form_field form-field  frm_required_field frm_top_container frm_two_thirds\">\r\n    <label for=\"field_e37skb6a06ed84e\" id=\"field_e37skb6a06ed84e_label\" class=\"frm_primary_label\">Was ist die gr\u00f6\u00dfere Zahl 23 oder 11? \r\n        <span class=\"frm_required\">*<\/span>\r\n    <\/label>\r\n    <input type=\"number\" id=\"field_e37skb6a06ed84e\" name=\"item_meta[52]\" value=\"\" data-reqmsg=\"Dieses Feld kann nicht leer sein\" aria-required=\"true\" data-invmsg=\"ung\u00fcltige Nummer\" aria-invalid=\"false\"   min=\"0\" max=\"99\" step=\"any\" \/>\r\n    \r\n    \r\n<\/div>\n<div id=\"frm_field_53_container\" class=\"frm_form_field form-field  frm_none_container\">\r\n    <label for=\"g-recaptcha-response\" id=\"field_l6u3d4701d611f6_label\" class=\"frm_primary_label\">reCAPTCHA\r\n        <span class=\"frm_required\"><\/span>\r\n    <\/label>\r\n    <div  id=\"field_l6u3d4701d611f6\" class=\"frm-g-recaptcha\" data-sitekey=\"6LfygnkaAAAAAGk8MmnTnrX9YlgRw8DVKNG7OHHM\" data-size=\"normal\" data-theme=\"light\"><\/div>\r\n    \r\n    \r\n<\/div>\n\t<input type=\"hidden\" name=\"item_key\" value=\"\" \/>\n\t\t\t<div id=\"frm_field_90_container\">\n\t\t\t<label for=\"field_pcno5\" >\n\t\t\t\tFalls Du menschlich bist, lasse dieses Feld leer.\t\t\t<\/label>\n\t\t\t<input  id=\"field_pcno5\" type=\"text\" class=\"frm_form_field form-field frm_verify\" name=\"item_meta[90]\" value=\"\"  \/>\n\t\t<\/div>\n\t\t<input name=\"frm_state\" type=\"hidden\" value=\"L7h2V1sr7J04iqqQ5MkBlazcx6fw8Rx4VVBjY8aTjCBhZ+PzFHQmYjuEgATPw1CH\" \/><div class=\"frm_submit\">\r\n\r\n<button class=\"frm_button_submit frm_final_submit\" type=\"submit\"   formnovalidate=\"formnovalidate\">Senden<\/button>\r\n\r\n<\/div><\/div>\n<\/fieldset>\n<\/div>\n\n<\/form>\n<\/div>\n<\/div>\n\n\n\n<div class=\"wp-block-column if-small-no-left-margin column-right is-layout-flow wp-block-column-is-layout-flow\" style=\"flex-basis:50%\">\n<div class=\"wp-block-group above-form-group-right\"><div class=\"wp-block-group__inner-container is-layout-flow wp-block-group-is-layout-flow\">\n<h2 class=\"has-text-align-center wp-block-heading\">Spenden<\/h2>\n\n\n\n<h3 class=\"has-text-align-center wp-block-heading\">M\u00f6chten Sie eine einmalige Spende t\u00e4tigen? <\/h3>\n\n\n\n<p class=\"has-text-align-center\">F\u00fchren Sie einfach eine \u00dcberweisung auf das folgende Konto durch:<\/p>\n<\/div><\/div>\n\n\n\n<div class=\"wp-block-group\"><div class=\"wp-block-group__inner-container is-layout-flow wp-block-group-is-layout-flow\"><div class=\"give-embed-form-wrapper\" id=\"give-69dcc18620e07\"><iframe\n\t\t\t\tname=\"give-embed-form\"\n\t\t\t\tsrc=\"https:\/\/chrispat-sailingteam.ch\/de\/give\/spenden\/?giveDonationFormInIframe=1\"\n\t\t\t\t\n\t\t\t\tdata-autoScroll=\"0\"\n\t\t\t\tonload=\"if( 'undefined' !== typeof Give ) { Give.initializeIframeResize(this) }\"\n\t\t\t\tstyle=\"border: 0;visibility: hidden;min-height: 598px;\"><\/iframe><div class=\"iframe-loader\">\n<div style=\"\n\t\theight: calc(100% - 28px);\n\t\twidth: calc(100% - 20px);\n\t\tmax-width: 552px;\n\t\tmargin: 10px auto 10px auto;\n\t\tbackground: transparent;\n\t\tborder-radius: 6px;\n\t\tdisplay: flex;\n\t\talign-items: center;\n\t\tjustify-content: center;\n\t\">\n    <div style=\"\n        pointer-events: none;\n        height: 90px;\n        width: 90px;\n        background-image: url(&quot;data:image\/svg+xml;charset=utf8,%3C?xml version='1.0' encoding='utf-8'?%3E%3C!-- Generator: Adobe Illustrator 24.1.0, SVG Export Plug-In . SVG Version: 6.00 Build 0) --%3E%3Csvg version='1.1' id='Layer_1' xmlns='http:\/\/www.w3.org\/2000\/svg' xmlns:xlink='http:\/\/www.w3.org\/1999\/xlink' x='0px' y='0px' viewBox='0 0 349 348' style='enable-background:new 0 0 349 348;' xml:space='preserve'%3E%3Cstyle type='text\/css'%3E .st0{fill:%2328C77B;} %3C\/style%3E%3Cpath class='st0' d='M25.1,204.57c-13.38,0-24.47-10.6-24.97-24.08C0.04,178.09,0,175.97,0,174C0,77.78,78.28-0.5,174.5-0.5 c13.81,0,25,11.19,25,25s-11.19,25-25,25C105.85,49.5,50,105.35,50,174c0,1.37,0.03,2.85,0.1,4.65c0.51,13.8-10.27,25.39-24.07,25.9 C25.72,204.56,25.41,204.57,25.1,204.57z'\/%3E%3Cpath class='st0' d='M174.5,348.5c-13.81,0-25-11.19-25-25c0-13.81,11.19-25,25-25c68.65,0,124.5-55.85,124.5-124.5 c0-1.38-0.03-2.85-0.1-4.65c-0.51-13.8,10.26-25.4,24.06-25.91c13.83-0.53,25.4,10.26,25.91,24.06c0.09,2.39,0.13,4.51,0.13,6.49 C349,270.22,270.72,348.5,174.5,348.5z'\/%3E%3C\/svg%3E&quot;);\n        animation: spin 0.6s linear infinite;\n        \"><\/div>\n<\/div>\n<\/div><\/div><\/div><\/div>\n<\/div>\n<\/div>\n\n\n\n<p><\/p>\n","protected":false},"excerpt":{"rendered":"<p>Wollen Sie Patrick Maurer und Christian Hiller auf ihrem Weg an die Spitze unterst\u00fctzen? Nah am Geschehen sein? Wollen Sie regelm\u00e4ssig \u00fcber Wettk\u00e4mpfe, Trainingslager und interessante Neuigkeiten informiert werden? Dann werden Sie Mitglied im VIP-Klub. Mit einem frei w\u00e4hlbaren Betrag ab CHF 20 pro Jahr sind Sie bereits dabei! Ihre Spende als Mitglied im VIP-Klub [&hellip;]<\/p>\n","protected":false},"author":2,"featured_media":0,"parent":0,"menu_order":0,"comment_status":"closed","ping_status":"closed","template":"","meta":{"_acf_changed":false,"give_campaign_id":0,"inline_featured_image":false,"footnotes":""},"class_list":["post-1688","page","type-page","status-publish","hentry"],"acf":[],"yoast_head":"<!-- This site is optimized with the Yoast SEO plugin v25.1 - https:\/\/yoast.com\/wordpress\/plugins\/seo\/ -->\n<title>VIP-Klub - Chrispat-Sailingteam<\/title>\n<meta name=\"robots\" content=\"index, follow, max-snippet:-1, max-image-preview:large, max-video-preview:-1\" \/>\n<link rel=\"canonical\" href=\"https:\/\/chrispat-sailingteam.ch\/de\/mitglied-werden\/\" \/>\n<meta property=\"og:locale\" content=\"de_DE\" \/>\n<meta property=\"og:type\" content=\"article\" \/>\n<meta property=\"og:title\" content=\"VIP-Klub - Chrispat-Sailingteam\" \/>\n<meta property=\"og:description\" content=\"Wollen Sie Patrick Maurer und Christian Hiller auf ihrem Weg an die Spitze unterst\u00fctzen? Nah am Geschehen sein? Wollen Sie regelm\u00e4ssig \u00fcber Wettk\u00e4mpfe, Trainingslager und interessante Neuigkeiten informiert werden? Dann werden Sie Mitglied im VIP-Klub. Mit einem frei w\u00e4hlbaren Betrag ab CHF 20 pro Jahr sind Sie bereits dabei! Ihre Spende als Mitglied im VIP-Klub [&hellip;]\" \/>\n<meta property=\"og:url\" content=\"https:\/\/chrispat-sailingteam.ch\/de\/mitglied-werden\/\" \/>\n<meta property=\"og:site_name\" content=\"Chrispat-Sailingteam\" \/>\n<meta property=\"article:modified_time\" content=\"2021-05-04T06:31:52+00:00\" \/>\n<meta name=\"twitter:card\" content=\"summary_large_image\" \/>\n<meta name=\"twitter:label1\" content=\"Gesch\u00e4tzte Lesezeit\" \/>\n\t<meta name=\"twitter:data1\" content=\"1\u00a0Minute\" \/>\n<script type=\"application\/ld+json\" class=\"yoast-schema-graph\">{\"@context\":\"https:\/\/schema.org\",\"@graph\":[{\"@type\":\"WebPage\",\"@id\":\"https:\/\/chrispat-sailingteam.ch\/de\/mitglied-werden\/\",\"url\":\"https:\/\/chrispat-sailingteam.ch\/de\/mitglied-werden\/\",\"name\":\"VIP-Klub - Chrispat-Sailingteam\",\"isPartOf\":{\"@id\":\"https:\/\/chrispat-sailingteam.ch\/de\/#website\"},\"datePublished\":\"2021-04-01T12:16:46+00:00\",\"dateModified\":\"2021-05-04T06:31:52+00:00\",\"breadcrumb\":{\"@id\":\"https:\/\/chrispat-sailingteam.ch\/de\/mitglied-werden\/#breadcrumb\"},\"inLanguage\":\"de\",\"potentialAction\":[{\"@type\":\"ReadAction\",\"target\":[\"https:\/\/chrispat-sailingteam.ch\/de\/mitglied-werden\/\"]}]},{\"@type\":\"BreadcrumbList\",\"@id\":\"https:\/\/chrispat-sailingteam.ch\/de\/mitglied-werden\/#breadcrumb\",\"itemListElement\":[{\"@type\":\"ListItem\",\"position\":1,\"name\":\"Accueil\",\"item\":\"https:\/\/chrispat-sailingteam.ch\/de\/\"},{\"@type\":\"ListItem\",\"position\":2,\"name\":\"VIP-Klub\"}]},{\"@type\":\"WebSite\",\"@id\":\"https:\/\/chrispat-sailingteam.ch\/de\/#website\",\"url\":\"https:\/\/chrispat-sailingteam.ch\/de\/\",\"name\":\"Chrispat-Sailingteam\",\"description\":\"Soutiens Christian et Patrick dans leur pratique du Hansa 303 !\",\"potentialAction\":[{\"@type\":\"SearchAction\",\"target\":{\"@type\":\"EntryPoint\",\"urlTemplate\":\"https:\/\/chrispat-sailingteam.ch\/de\/?s={search_term_string}\"},\"query-input\":{\"@type\":\"PropertyValueSpecification\",\"valueRequired\":true,\"valueName\":\"search_term_string\"}}],\"inLanguage\":\"de\"}]}<\/script>\n<!-- \/ Yoast SEO plugin. -->","yoast_head_json":{"title":"VIP-Klub - Chrispat-Sailingteam","robots":{"index":"index","follow":"follow","max-snippet":"max-snippet:-1","max-image-preview":"max-image-preview:large","max-video-preview":"max-video-preview:-1"},"canonical":"https:\/\/chrispat-sailingteam.ch\/de\/mitglied-werden\/","og_locale":"de_DE","og_type":"article","og_title":"VIP-Klub - Chrispat-Sailingteam","og_description":"Wollen Sie Patrick Maurer und Christian Hiller auf ihrem Weg an die Spitze unterst\u00fctzen? Nah am Geschehen sein? Wollen Sie regelm\u00e4ssig \u00fcber Wettk\u00e4mpfe, Trainingslager und interessante Neuigkeiten informiert werden? Dann werden Sie Mitglied im VIP-Klub. Mit einem frei w\u00e4hlbaren Betrag ab CHF 20 pro Jahr sind Sie bereits dabei! Ihre Spende als Mitglied im VIP-Klub [&hellip;]","og_url":"https:\/\/chrispat-sailingteam.ch\/de\/mitglied-werden\/","og_site_name":"Chrispat-Sailingteam","article_modified_time":"2021-05-04T06:31:52+00:00","twitter_card":"summary_large_image","twitter_misc":{"Gesch\u00e4tzte Lesezeit":"1\u00a0Minute"},"schema":{"@context":"https:\/\/schema.org","@graph":[{"@type":"WebPage","@id":"https:\/\/chrispat-sailingteam.ch\/de\/mitglied-werden\/","url":"https:\/\/chrispat-sailingteam.ch\/de\/mitglied-werden\/","name":"VIP-Klub - Chrispat-Sailingteam","isPartOf":{"@id":"https:\/\/chrispat-sailingteam.ch\/de\/#website"},"datePublished":"2021-04-01T12:16:46+00:00","dateModified":"2021-05-04T06:31:52+00:00","breadcrumb":{"@id":"https:\/\/chrispat-sailingteam.ch\/de\/mitglied-werden\/#breadcrumb"},"inLanguage":"de","potentialAction":[{"@type":"ReadAction","target":["https:\/\/chrispat-sailingteam.ch\/de\/mitglied-werden\/"]}]},{"@type":"BreadcrumbList","@id":"https:\/\/chrispat-sailingteam.ch\/de\/mitglied-werden\/#breadcrumb","itemListElement":[{"@type":"ListItem","position":1,"name":"Accueil","item":"https:\/\/chrispat-sailingteam.ch\/de\/"},{"@type":"ListItem","position":2,"name":"VIP-Klub"}]},{"@type":"WebSite","@id":"https:\/\/chrispat-sailingteam.ch\/de\/#website","url":"https:\/\/chrispat-sailingteam.ch\/de\/","name":"Chrispat-Sailingteam","description":"Soutiens Christian et Patrick dans leur pratique du Hansa 303 !","potentialAction":[{"@type":"SearchAction","target":{"@type":"EntryPoint","urlTemplate":"https:\/\/chrispat-sailingteam.ch\/de\/?s={search_term_string}"},"query-input":{"@type":"PropertyValueSpecification","valueRequired":true,"valueName":"search_term_string"}}],"inLanguage":"de"}]}},"campaignId":"","_links":{"self":[{"href":"https:\/\/chrispat-sailingteam.ch\/de\/wp-json\/wp\/v2\/pages\/1688","targetHints":{"allow":["GET"]}}],"collection":[{"href":"https:\/\/chrispat-sailingteam.ch\/de\/wp-json\/wp\/v2\/pages"}],"about":[{"href":"https:\/\/chrispat-sailingteam.ch\/de\/wp-json\/wp\/v2\/types\/page"}],"author":[{"embeddable":true,"href":"https:\/\/chrispat-sailingteam.ch\/de\/wp-json\/wp\/v2\/users\/2"}],"replies":[{"embeddable":true,"href":"https:\/\/chrispat-sailingteam.ch\/de\/wp-json\/wp\/v2\/comments?post=1688"}],"version-history":[{"count":5,"href":"https:\/\/chrispat-sailingteam.ch\/de\/wp-json\/wp\/v2\/pages\/1688\/revisions"}],"predecessor-version":[{"id":2241,"href":"https:\/\/chrispat-sailingteam.ch\/de\/wp-json\/wp\/v2\/pages\/1688\/revisions\/2241"}],"wp:attachment":[{"href":"https:\/\/chrispat-sailingteam.ch\/de\/wp-json\/wp\/v2\/media?parent=1688"}],"curies":[{"name":"wp","href":"https:\/\/api.w.org\/{rel}","templated":true}]}}